{"id":109,"date":"2020-10-12T16:09:27","date_gmt":"2020-10-12T16:09:27","guid":{"rendered":"https:\/\/www.dmoz.fr\/annuaire\/?page_id=109"},"modified":"2020-10-15T17:31:52","modified_gmt":"2020-10-15T17:31:52","slug":"nouvelle-aquitaine","status":"publish","type":"page","link":"https:\/\/www.dmoz.fr\/annuaire\/nouvelle-aquitaine\/","title":{"rendered":"Nouvelle Aquitaine"},"content":{"rendered":"<p>L&rsquo;Aquitaine est une ancienne r\u00e9gion de France, disparue depuis le 31 d\u00e9cembre 2015, form\u00e9e par les d\u00e9partements de la Dordogne, de la Gironde, des Landes, du Lot et Garonne et des Pyr\u00e9n\u00e9es-Atlantiques. Elle \u00e9tait bord\u00e9e au nord par la r\u00e9gion Poitou-Charentes, au nord-est par la r\u00e9gion du Limousin, \u00e0 l&rsquo;est par la r\u00e9gion Midi-Pyr\u00e9n\u00e9es, au sud par l&rsquo;Espagne (Aragon et Navarre et au sud-ouest par la Guipuzcoa) et \u00e0 l&rsquo;ouest par l&rsquo;oc\u00e9an Atlantique. La capitale de l&rsquo;Aquitaine \u00e9tait Bordeaux.<\/p>\n<p><img loading=\"lazy\" decoding=\"async\" class=\"wp-image-229 alignleft\" src=\"https:\/\/www.dmoz.fr\/annuaire\/wp-content\/uploads\/2020\/10\/nouvelle-aquitaine.jpg\" alt=\"nouvelle aquitaine\" width=\"503\" height=\"376\" data-wp-pid=\"229\" srcset=\"https:\/\/www.dmoz.fr\/annuaire\/wp-content\/uploads\/2020\/10\/nouvelle-aquitaine.jpg 640w, https:\/\/www.dmoz.fr\/annuaire\/wp-content\/uploads\/2020\/10\/nouvelle-aquitaine-300x224.jpg 300w\" sizes=\"auto, (max-width: 503px) 100vw, 503px\" \/><\/p>\n<p>&nbsp;<\/p>\n<p>Dans le cadre de la r\u00e9forme territoriale entreprise en 2014, l&rsquo;Aquitaine a fusionn\u00e9 le 1er janvier 2016 avec les r\u00e9gions voisines de Poitou-Charentes et Limousin. Le nom provisoire de cette nouvelle r\u00e9gion \u00e9tait Aquitaine &#8211; Limousin &#8211; Poitou-Charentes et le nom d\u00e9finitif est Nouvelle Aquitaine.<\/p>\n<p>Au fil des si\u00e8cles, le territoire historique qui correspondait \u00e0 la r\u00e9gion Aquitaine a chang\u00e9, tant dans son extension que dans son nom (royaume et duch\u00e9 d&rsquo;Aquitaine, (\u00e0 une \u00e9poque Guyenne), comprenant parfois une grande partie de ce qui est aujourd&rsquo;hui le sud-ouest de la France (Gascogne) et le centre de la France.<\/p>\n<p>&nbsp;<\/p>\n","protected":false},"excerpt":{"rendered":"<p>L&rsquo;Aquitaine est une ancienne r\u00e9gion de France, disparue depuis le 31 d\u00e9cembre 2015, form\u00e9e par les d\u00e9partements de la Dordogne, de la Gironde, des Landes, du Lot et Garonne et des Pyr\u00e9n\u00e9es-Atlantiques. Elle \u00e9tait bord\u00e9e au nord par la r\u00e9gion Poitou-Charentes, au nord-est par la r\u00e9gion du Limousin, \u00e0 l&rsquo;est par la r\u00e9gion Midi-Pyr\u00e9n\u00e9es, au&hellip;&nbsp;<\/p>\n","protected":false},"author":2,"featured_media":0,"parent":0,"menu_order":0,"comment_status":"closed","ping_status":"closed","template":"","meta":{"neve_meta_sidebar":"full-width","neve_meta_container":"","neve_meta_enable_content_width":"on","neve_meta_content_width":100,"neve_meta_title_alignment":"","neve_meta_author_avatar":"","neve_post_elements_order":"","neve_meta_disable_header":"","neve_meta_disable_footer":"","neve_meta_disable_title":"","footnotes":""},"class_list":["post-109","page","type-page","status-publish","hentry"],"_links":{"self":[{"href":"https:\/\/www.dmoz.fr\/annuaire\/wp-json\/wp\/v2\/pages\/109","targetHints":{"allow":["GET"]}}],"collection":[{"href":"https:\/\/www.dmoz.fr\/annuaire\/wp-json\/wp\/v2\/pages"}],"about":[{"href":"https:\/\/www.dmoz.fr\/annuaire\/wp-json\/wp\/v2\/types\/page"}],"author":[{"embeddable":true,"href":"https:\/\/www.dmoz.fr\/annuaire\/wp-json\/wp\/v2\/users\/2"}],"replies":[{"embeddable":true,"href":"https:\/\/www.dmoz.fr\/annuaire\/wp-json\/wp\/v2\/comments?post=109"}],"version-history":[{"count":0,"href":"https:\/\/www.dmoz.fr\/annuaire\/wp-json\/wp\/v2\/pages\/109\/revisions"}],"wp:attachment":[{"href":"https:\/\/www.dmoz.fr\/annuaire\/wp-json\/wp\/v2\/media?parent=109"}],"curies":[{"name":"wp","href":"https:\/\/api.w.org\/{rel}","templated":true}]}}