{"id":162,"date":"2020-10-13T16:45:38","date_gmt":"2020-10-13T16:45:38","guid":{"rendered":"https:\/\/www.dmoz.fr\/annuaire\/?page_id=162"},"modified":"2020-10-14T15:54:46","modified_gmt":"2020-10-14T15:54:46","slug":"rennes","status":"publish","type":"page","link":"https:\/\/www.dmoz.fr\/annuaire\/bretagne\/rennes\/","title":{"rendered":"Rennes"},"content":{"rendered":"<p>Rennes (prononcer en breton : Roazhon) est une ville de France, capitale de la r\u00e9gion Bretagne et chef-lieu du d\u00e9partement de l&rsquo;Ille et Vilaine. Elle est situ\u00e9 dans le nord-ouest du pays (Grand Ouest de la France), sur l&rsquo;Arc Atlantique, \u00e0 50 km de la Manche et \u00e0 80 km de l&rsquo;oc\u00e9an Atlantique. Il est situ\u00e9 au confluent de la Vilaine et de son affluent, l&rsquo;Ille.<\/p>\n<p><img loading=\"lazy\" decoding=\"async\" class=\"alignleft wp-image-165 \" src=\"https:\/\/www.dmoz.fr\/annuaire\/wp-content\/uploads\/2020\/10\/ville-rennes.jpg\" alt=\"ville rennes\" width=\"500\" height=\"375\" data-wp-pid=\"165\" srcset=\"https:\/\/www.dmoz.fr\/annuaire\/wp-content\/uploads\/2020\/10\/ville-rennes.jpg 800w, https:\/\/www.dmoz.fr\/annuaire\/wp-content\/uploads\/2020\/10\/ville-rennes-300x225.jpg 300w, https:\/\/www.dmoz.fr\/annuaire\/wp-content\/uploads\/2020\/10\/ville-rennes-768x576.jpg 768w\" sizes=\"auto, (max-width: 500px) 100vw, 500px\" \/><\/p>\n<p>Rennes est apparue entre le deuxi\u00e8me et le premier si\u00e8cle avant J.-C. C. comme capitale de la tribu gauloise des Redons. La ville s&rsquo;appelait Condate. Au cours du Moyen \u00c2ge, avec l&rsquo;arriv\u00e9e des Bretons et la consolidation du duch\u00e9 de Bretagne contre le pouvoir carolingien et les rois de France, elle se confirme comme l&rsquo;une des villes les plus importantes de la r\u00e9gion frontali\u00e8re du duch\u00e9, la marque de la Bretagne. Apr\u00e8s l&rsquo;annexion du duch\u00e9 de Bretagne au royaume de France, elle est devenue capitale provinciale et a accueilli le Parlement de Bretagne.<\/p>\n<p>Apr\u00e8s la Seconde Guerre mondiale, Rennes a fortement augment\u00e9 sa population, d\u00e9velopp\u00e9 son secteur industriel (notamment la grande usine Citro\u00ebn) et s&rsquo;est impos\u00e9e comme un centre d&rsquo;enseignement majeur gr\u00e2ce \u00e0 ses universit\u00e9s4.<\/p>\n<p>Selon le recensement de 2015, la ville comptait 221 272 habitants (dont 67 791 \u00e9tudiants pour l&rsquo;ann\u00e9e scolaire 2017-2018) et 710 481 habitants dans son agglom\u00e9ration.<\/p>\n<p>La ville d\u00e9tient un centre historique avec des rues pi\u00e9tonnes et des maisons m\u00e9di\u00e9vales, de larges places et des b\u00e2timents monumentaux de style classique, une large avenue, de nombreux bus et une grande animation commerciale. D&rsquo;une part, ce centre historique, qui est le quartier de la ville est \u00e0 visiter principalement.<\/p>\n<p>D&rsquo;autre part, la zone administrative et commerciale, le c\u0153ur de la ville et le r\u00e9sultat de la reconstruction qui a \u00e9t\u00e9 refaite apr\u00e8s le grand incendie en 1720.<\/p>\n<p>C&rsquo;est dans ce quartier que la ville a \u00e9t\u00e9 reconstruite avec des b\u00e2timents en pierre de style classique fran\u00e7ais par le m\u00eame architecte qui a construit le quartier classique de la place de la Bourse \u00e0 Bordeaux.<\/p>\n<p>C\u2019est la ville la plus moderne de la r\u00e9gion de Bretagne, avec ses zones d&rsquo;expansion telles que le Mall de Fran\u00e7ois Mitterrand o\u00f9 l&rsquo;on peut voir des b\u00e2timents d&rsquo;architecture contemporaine m\u00eame depuis l&rsquo;atelier du c\u00e9l\u00e8bre architecte fran\u00e7ais Jean Nouvel.<\/p>\n<p>D&rsquo;un point de vue historique, Rennes \u00e9tait une ville romaine avec une petite muraille qui a \u00e9t\u00e9 conserv\u00e9e jusqu&rsquo;au XVe si\u00e8cle, avec deux extensions ult\u00e9rieures qui ont \u00e9t\u00e9 faites au cours du Moyen \u00c2ge.<\/p>\n","protected":false},"excerpt":{"rendered":"<p>Rennes (prononcer en breton : Roazhon) est une ville de France, capitale de la r\u00e9gion Bretagne et chef-lieu du d\u00e9partement de l&rsquo;Ille et Vilaine. Elle est situ\u00e9 dans le nord-ouest du pays (Grand Ouest de la France), sur l&rsquo;Arc Atlantique, \u00e0 50 km de la Manche et \u00e0 80 km de l&rsquo;oc\u00e9an Atlantique. Il est&hellip;&nbsp;<\/p>\n","protected":false},"author":2,"featured_media":0,"parent":102,"menu_order":0,"comment_status":"closed","ping_status":"closed","template":"","meta":{"neve_meta_sidebar":"full-width","neve_meta_container":"","neve_meta_enable_content_width":"on","neve_meta_content_width":100,"neve_meta_title_alignment":"","neve_meta_author_avatar":"","neve_post_elements_order":"","neve_meta_disable_header":"","neve_meta_disable_footer":"","neve_meta_disable_title":"","footnotes":""},"class_list":["post-162","page","type-page","status-publish","hentry"],"_links":{"self":[{"href":"https:\/\/www.dmoz.fr\/annuaire\/wp-json\/wp\/v2\/pages\/162","targetHints":{"allow":["GET"]}}],"collection":[{"href":"https:\/\/www.dmoz.fr\/annuaire\/wp-json\/wp\/v2\/pages"}],"about":[{"href":"https:\/\/www.dmoz.fr\/annuaire\/wp-json\/wp\/v2\/types\/page"}],"author":[{"embeddable":true,"href":"https:\/\/www.dmoz.fr\/annuaire\/wp-json\/wp\/v2\/users\/2"}],"replies":[{"embeddable":true,"href":"https:\/\/www.dmoz.fr\/annuaire\/wp-json\/wp\/v2\/comments?post=162"}],"version-history":[{"count":0,"href":"https:\/\/www.dmoz.fr\/annuaire\/wp-json\/wp\/v2\/pages\/162\/revisions"}],"up":[{"embeddable":true,"href":"https:\/\/www.dmoz.fr\/annuaire\/wp-json\/wp\/v2\/pages\/102"}],"wp:attachment":[{"href":"https:\/\/www.dmoz.fr\/annuaire\/wp-json\/wp\/v2\/media?parent=162"}],"curies":[{"name":"wp","href":"https:\/\/api.w.org\/{rel}","templated":true}]}}