{"id":261,"date":"2020-10-15T17:04:23","date_gmt":"2020-10-15T17:04:23","guid":{"rendered":"https:\/\/www.dmoz.fr\/annuaire\/?page_id=261"},"modified":"2020-10-15T17:04:23","modified_gmt":"2020-10-15T17:04:23","slug":"strasbourg","status":"publish","type":"page","link":"https:\/\/www.dmoz.fr\/annuaire\/grand-est\/strasbourg\/","title":{"rendered":"Strasbourg"},"content":{"rendered":"<p>Cette ville de la r\u00e9gion Grand-Est dont elle est la capitale, offre des vins de renomm\u00e9e mondiale, une architecture de qualit\u00e9, de magnifiques parcs et une gastronomie florissante. La ville fran\u00e7aise de Strasbourg vous \u00e9blouira avec son architecture historique, sa cuisine exquise (parmi les meilleures de la r\u00e9gion) et ses vins de renomm\u00e9e mondiale.<\/p>\n<p><img loading=\"lazy\" decoding=\"async\" class=\"wp-image-264 alignleft\" src=\"https:\/\/www.dmoz.fr\/annuaire\/wp-content\/uploads\/2020\/10\/strasbourg.jpg\" alt=\"strasbourg\" width=\"502\" height=\"335\" data-wp-pid=\"264\" srcset=\"https:\/\/www.dmoz.fr\/annuaire\/wp-content\/uploads\/2020\/10\/strasbourg.jpg 640w, https:\/\/www.dmoz.fr\/annuaire\/wp-content\/uploads\/2020\/10\/strasbourg-300x200.jpg 300w\" sizes=\"auto, (max-width: 502px) 100vw, 502px\" \/>La Strasbourg moderne se caract\u00e9rise par son centre m\u00e9di\u00e9val, ses mus\u00e9es et ses restaurants prim\u00e9s. Il est facile de se d\u00e9placer \u00e0 Strasbourg car ses rues sont plates et propices \u00e0 la marche. Vous pouvez \u00e9galement louer un v\u00e9lo et suivre les pistes cyclables, qui font partie du plus grand r\u00e9seau en France.<\/p>\n<p>La Grande \u00cele est le centre historique de Strasbourg et est entour\u00e9e par le fleuve Ill. En 1998, il est devenu le premier centre-ville \u00e0 \u00eatre inscrit au patrimoine mondial de l&rsquo;humanit\u00e9. Une s\u00e9rie de ponts traversent l&rsquo;Ill et relient la Grande Ile au reste de la ville. Sur la Grande \u00cele, vous trouverez les meilleures attractions de la ville, comme la cath\u00e9drale gothique Notre-Dame de Strasbourg (\u00e9galement appel\u00e9e \u00ab\u00a0cath\u00e9drale de Strasbourg\u00a0\u00bb) et la maison Kammerzell, l&rsquo;un des b\u00e2timents les plus c\u00e9l\u00e8bres de la ville. Ne manquez pas le quartier de la Petite France. Ce quartier est connu pour ses maisons \u00e0 colombages le long des rues qui s&rsquo;\u00e9tendent jusqu&rsquo;au niveau de l&rsquo;eau. Le barrage Vauban se trouve \u00e0 proximit\u00e9, d&rsquo;o\u00f9 l&rsquo;on peut profiter de la vue sur Strasbourg et ses canaux. Passez un apr\u00e8s-midi \u00e0 profiter des jardins du Parc de l&rsquo;Orangerie ou du Parc de la Citadelle.<\/p>\n<p>La place Kl\u00e9ber, une grande esplanade au milieu de la zone commerciale de Strasbourg, est id\u00e9ale pour admirer les b\u00e2timents s\u00e9culaires et les gens de passage. Fond\u00e9e par les Romains en 12 avant J.-C., la ville est pass\u00e9e de mains fran\u00e7aises \u00e0 mains allemandes au cours des XIXe et XXe si\u00e8cles, avant d&rsquo;\u00eatre finalement lib\u00e9r\u00e9e par le g\u00e9n\u00e9ral Leclerc en 1944.<\/p>\n<p>La gastronomie strasbourgeoise combine le meilleur de la cuisine fran\u00e7aise et allemande. Choisissez parmi les nombreux restaurants proposant des plats traditionnels, et d\u00e9gustez des sp\u00e9cialit\u00e9s telles que la \u00ab\u00a0choucroute garnie\u00a0\u00bb ou le \u00ab\u00a0Baeckeoffe\u00a0\u00bb (viande marin\u00e9e cuite avec des l\u00e9gumes) et accompagnez votre repas d&rsquo;un verre de vin local.<\/p>\n","protected":false},"excerpt":{"rendered":"<p>Cette ville de la r\u00e9gion Grand-Est dont elle est la capitale, offre des vins de renomm\u00e9e mondiale, une architecture de qualit\u00e9, de magnifiques parcs et une gastronomie florissante. La ville fran\u00e7aise de Strasbourg vous \u00e9blouira avec son architecture historique, sa cuisine exquise (parmi les meilleures de la r\u00e9gion) et ses vins de renomm\u00e9e mondiale. La&hellip;&nbsp;<\/p>\n","protected":false},"author":2,"featured_media":0,"parent":257,"menu_order":0,"comment_status":"closed","ping_status":"closed","template":"","meta":{"neve_meta_sidebar":"full-width","neve_meta_container":"","neve_meta_enable_content_width":"on","neve_meta_content_width":100,"neve_meta_title_alignment":"","neve_meta_author_avatar":"","neve_post_elements_order":"","neve_meta_disable_header":"","neve_meta_disable_footer":"","neve_meta_disable_title":"","footnotes":""},"class_list":["post-261","page","type-page","status-publish","hentry"],"_links":{"self":[{"href":"https:\/\/www.dmoz.fr\/annuaire\/wp-json\/wp\/v2\/pages\/261","targetHints":{"allow":["GET"]}}],"collection":[{"href":"https:\/\/www.dmoz.fr\/annuaire\/wp-json\/wp\/v2\/pages"}],"about":[{"href":"https:\/\/www.dmoz.fr\/annuaire\/wp-json\/wp\/v2\/types\/page"}],"author":[{"embeddable":true,"href":"https:\/\/www.dmoz.fr\/annuaire\/wp-json\/wp\/v2\/users\/2"}],"replies":[{"embeddable":true,"href":"https:\/\/www.dmoz.fr\/annuaire\/wp-json\/wp\/v2\/comments?post=261"}],"version-history":[{"count":0,"href":"https:\/\/www.dmoz.fr\/annuaire\/wp-json\/wp\/v2\/pages\/261\/revisions"}],"up":[{"embeddable":true,"href":"https:\/\/www.dmoz.fr\/annuaire\/wp-json\/wp\/v2\/pages\/257"}],"wp:attachment":[{"href":"https:\/\/www.dmoz.fr\/annuaire\/wp-json\/wp\/v2\/media?parent=261"}],"curies":[{"name":"wp","href":"https:\/\/api.w.org\/{rel}","templated":true}]}}