{"id":34,"date":"2020-09-04T10:40:48","date_gmt":"2020-09-04T10:40:48","guid":{"rendered":"https:\/\/www.dmoz.fr\/annuaire\/?page_id=34"},"modified":"2020-10-14T15:48:40","modified_gmt":"2020-10-14T15:48:40","slug":"auvergne-rhone-alpes","status":"publish","type":"page","link":"https:\/\/www.dmoz.fr\/annuaire\/auvergne-rhone-alpes\/","title":{"rendered":"Auvergne Rh\u00f4ne Alpes"},"content":{"rendered":"<p>L&rsquo;Auvergne-Rh\u00f4ne-Alpes (en occitan Auv\u00e8rnhe R\u00f2se Aups, en fran\u00e7ais-Proven\u00e7al \u00d4v\u00e8rgne R\u00f4no-Arpes) est l&rsquo;une des treize r\u00e9gions qui, avec les territoires d&rsquo;outre-mer, composent la R\u00e9publique fran\u00e7aise. Sa capitale et ville la plus peupl\u00e9e est Lyon.<\/p>\n<p><img loading=\"lazy\" decoding=\"async\" class=\"alignleft wp-image-145 \" src=\"https:\/\/www.dmoz.fr\/annuaire\/wp-content\/uploads\/2020\/10\/auvergne-rhone-alpes.jpg\" alt=\"auvergne rhone alpes\" width=\"501\" height=\"334\" data-wp-pid=\"145\" srcset=\"https:\/\/www.dmoz.fr\/annuaire\/wp-content\/uploads\/2020\/10\/auvergne-rhone-alpes.jpg 640w, https:\/\/www.dmoz.fr\/annuaire\/wp-content\/uploads\/2020\/10\/auvergne-rhone-alpes-300x200.jpg 300w\" sizes=\"auto, (max-width: 501px) 100vw, 501px\" \/><\/p>\n<p>&nbsp;<\/p>\n<p>Elle est situ\u00e9e dans le sud-est du pays, \u00e0 la fronti\u00e8re entre la Bourgogne et la France au nord, la Suisse au nord-est, l&rsquo;Italie \u00e0 l&rsquo;est, la Provence-Alpes-C\u00f4te d&rsquo;Azur et l&rsquo;Occitanie au sud, et la Nouvelle Aquitaine \u00e0 l&rsquo;ouest. Avec 69 711 km\u00b2, c&rsquo;est la troisi\u00e8me plus grande r\u00e9gion &#8211; apr\u00e8s la Nouvelle Aquitaine et l&rsquo;Occitanie &#8211; et avec 7 634 000 habitants en 2012, c&rsquo;est la deuxi\u00e8me r\u00e9gion la plus peupl\u00e9e apr\u00e8s l&rsquo;Ile de France.<\/p>\n<p>Elle a \u00e9t\u00e9 cr\u00e9\u00e9e par la r\u00e9forme territoriale de 2014 qui a fusionn\u00e9 l&rsquo;Auvergne et Rh\u00f4ne-Alpes, et est entr\u00e9e en vigueur le 1er janvier 2016.<\/p>\n<p>Elle est compos\u00e9e de 12 d\u00e9partements et d&rsquo;une m\u00e9tropole ayant le statut de collectivit\u00e9 territoriale.<\/p>\n","protected":false},"excerpt":{"rendered":"<p>L&rsquo;Auvergne-Rh\u00f4ne-Alpes (en occitan Auv\u00e8rnhe R\u00f2se Aups, en fran\u00e7ais-Proven\u00e7al \u00d4v\u00e8rgne R\u00f4no-Arpes) est l&rsquo;une des treize r\u00e9gions qui, avec les territoires d&rsquo;outre-mer, composent la R\u00e9publique fran\u00e7aise. Sa capitale et ville la plus peupl\u00e9e est Lyon. &nbsp; Elle est situ\u00e9e dans le sud-est du pays, \u00e0 la fronti\u00e8re entre la Bourgogne et la France au nord, la Suisse&hellip;&nbsp;<\/p>\n","protected":false},"author":1,"featured_media":0,"parent":0,"menu_order":0,"comment_status":"closed","ping_status":"closed","template":"","meta":{"neve_meta_sidebar":"full-width","neve_meta_container":"","neve_meta_enable_content_width":"on","neve_meta_content_width":100,"neve_meta_title_alignment":"","neve_meta_author_avatar":"","neve_post_elements_order":"","neve_meta_disable_header":"","neve_meta_disable_footer":"","neve_meta_disable_title":"","footnotes":""},"class_list":["post-34","page","type-page","status-publish","hentry"],"_links":{"self":[{"href":"https:\/\/www.dmoz.fr\/annuaire\/wp-json\/wp\/v2\/pages\/34","targetHints":{"allow":["GET"]}}],"collection":[{"href":"https:\/\/www.dmoz.fr\/annuaire\/wp-json\/wp\/v2\/pages"}],"about":[{"href":"https:\/\/www.dmoz.fr\/annuaire\/wp-json\/wp\/v2\/types\/page"}],"author":[{"embeddable":true,"href":"https:\/\/www.dmoz.fr\/annuaire\/wp-json\/wp\/v2\/users\/1"}],"replies":[{"embeddable":true,"href":"https:\/\/www.dmoz.fr\/annuaire\/wp-json\/wp\/v2\/comments?post=34"}],"version-history":[{"count":0,"href":"https:\/\/www.dmoz.fr\/annuaire\/wp-json\/wp\/v2\/pages\/34\/revisions"}],"wp:attachment":[{"href":"https:\/\/www.dmoz.fr\/annuaire\/wp-json\/wp\/v2\/media?parent=34"}],"curies":[{"name":"wp","href":"https:\/\/api.w.org\/{rel}","templated":true}]}}