{"id":600,"date":"2022-10-14T16:17:18","date_gmt":"2022-10-14T16:17:18","guid":{"rendered":"https:\/\/www.dmoz.fr\/annuaire\/?page_id=600"},"modified":"2022-10-14T16:22:08","modified_gmt":"2022-10-14T16:22:08","slug":"occitanie","status":"publish","type":"page","link":"https:\/\/www.dmoz.fr\/annuaire\/occitanie\/","title":{"rendered":"Occitanie"},"content":{"rendered":"<p><img loading=\"lazy\" decoding=\"async\" class=\"wp-image-602 alignleft\" src=\"https:\/\/www.dmoz.fr\/annuaire\/wp-content\/uploads\/2022\/10\/occitanie.jpg\" alt=\"occitanie\" width=\"502\" height=\"335\" srcset=\"https:\/\/www.dmoz.fr\/annuaire\/wp-content\/uploads\/2022\/10\/occitanie.jpg 640w, https:\/\/www.dmoz.fr\/annuaire\/wp-content\/uploads\/2022\/10\/occitanie-300x200.jpg 300w\" sizes=\"auto, (max-width: 502px) 100vw, 502px\" \/><\/p>\n<p>L&rsquo;Occitanie est l&rsquo;une des treize r\u00e9gions qui, avec les territoires d&rsquo;outre-mer, constituent la R\u00e9publique fran\u00e7aise. Sa plus grande ville est Toulouse, ainsi que sa pr\u00e9fecture r\u00e9gionale, tandis que la deuxi\u00e8me capitale de la r\u00e9gion, Montpellier, d\u00e9tient plusieurs administrations.<\/p>\n<p>Elle est situ\u00e9e au sud du pays, bord\u00e9e au nord par Auvergne-Rh\u00f4ne-Alpes, au nord-est par Provence-Alpes-C\u00f4te d&rsquo;Azur, \u00e0 l&rsquo;est par le golfe du Lion (mer M\u00e9diterran\u00e9e), au sud par Andorre et les Pyr\u00e9n\u00e9es qui la s\u00e9parent de l&rsquo;Espagne, et \u00e0 l&rsquo;ouest par la Nouvelle-Aquitaine. Avec 72 724 km\u00b2, elle est la deuxi\u00e8me plus grande r\u00e9gion apr\u00e8s la Nouvelle-Aquitaine.<\/p>\n<p>Cr\u00e9\u00e9e par la r\u00e9forme territoriale de 2014 fusionnant Languedoc-Roussillon et Midi-Pyr\u00e9n\u00e9es, elle est entr\u00e9e en vigueur le 1er janvier 2016.<\/p>\n<p>Dot\u00e9e d&rsquo;une fa\u00e7ade maritime sur la mer M\u00e9diterran\u00e9e, elle rassemble des territoires du bassin aquitain \u00e0 l&rsquo;ouest &#8211; Gers, nord des Hautes-Pyr\u00e9n\u00e9es et de l&rsquo;Ari\u00e8ge, centre et nord de la Haute-Garonne, centre et ouest du Tarn et de la Garonne, ouest du Tarn, sud du Lot -, des Pyr\u00e9n\u00e9es au sud &#8211; sud des Hautes-Pyr\u00e9n\u00e9es, sud de la Haute-Garonne et de l&rsquo;Ari\u00e8ge, sud de la Haute-Garonne et de l&rsquo;Ari\u00e8ge, sud du Lot, sud du Tarn et de la Garonne, sud du Lot, de la Haute-Garonne et de l&rsquo;Ari\u00e8ge, \u00e0 l&rsquo;ouest des Pyr\u00e9n\u00e9es-Orientales, du Massif central au nord &#8211; Aviron et Loz\u00e8re, centre et nord du Lot, est du Tarn-et-Garonne et du Tarn, nord de l&rsquo;Aude, de l&rsquo;H\u00e9rault et du Gard &#8211; et du bassin m\u00e9diterran\u00e9en \u00e0 l&rsquo;est &#8211; est des Pyr\u00e9n\u00e9es-Orientales, sud de l&rsquo;Aude, de l&rsquo;H\u00e9rault et du Gard.<\/p>\n<p>&nbsp;<\/p>\n<p>&nbsp;<\/p>\n","protected":false},"excerpt":{"rendered":"<p>L&rsquo;Occitanie est l&rsquo;une des treize r\u00e9gions qui, avec les territoires d&rsquo;outre-mer, constituent la R\u00e9publique fran\u00e7aise. Sa plus grande ville est Toulouse, ainsi que sa pr\u00e9fecture r\u00e9gionale, tandis que la deuxi\u00e8me capitale de la r\u00e9gion, Montpellier, d\u00e9tient plusieurs administrations. Elle est situ\u00e9e au sud du pays, bord\u00e9e au nord par Auvergne-Rh\u00f4ne-Alpes, au nord-est par Provence-Alpes-C\u00f4te d&rsquo;Azur,&hellip;&nbsp;<\/p>\n","protected":false},"author":2,"featured_media":0,"parent":0,"menu_order":0,"comment_status":"closed","ping_status":"closed","template":"","meta":{"neve_meta_sidebar":"","neve_meta_container":"","neve_meta_enable_content_width":"off","neve_meta_content_width":100,"neve_meta_title_alignment":"","neve_meta_author_avatar":"","neve_post_elements_order":"","neve_meta_disable_header":"","neve_meta_disable_footer":"","neve_meta_disable_title":"","footnotes":""},"class_list":["post-600","page","type-page","status-publish","hentry"],"_links":{"self":[{"href":"https:\/\/www.dmoz.fr\/annuaire\/wp-json\/wp\/v2\/pages\/600","targetHints":{"allow":["GET"]}}],"collection":[{"href":"https:\/\/www.dmoz.fr\/annuaire\/wp-json\/wp\/v2\/pages"}],"about":[{"href":"https:\/\/www.dmoz.fr\/annuaire\/wp-json\/wp\/v2\/types\/page"}],"author":[{"embeddable":true,"href":"https:\/\/www.dmoz.fr\/annuaire\/wp-json\/wp\/v2\/users\/2"}],"replies":[{"embeddable":true,"href":"https:\/\/www.dmoz.fr\/annuaire\/wp-json\/wp\/v2\/comments?post=600"}],"version-history":[{"count":0,"href":"https:\/\/www.dmoz.fr\/annuaire\/wp-json\/wp\/v2\/pages\/600\/revisions"}],"wp:attachment":[{"href":"https:\/\/www.dmoz.fr\/annuaire\/wp-json\/wp\/v2\/media?parent=600"}],"curies":[{"name":"wp","href":"https:\/\/api.w.org\/{rel}","templated":true}]}}